{"id":88618,"date":"2020-04-15T17:16:13","date_gmt":"2020-04-15T21:16:13","guid":{"rendered":"https:\/\/irpp-policy-options.local\/republishing-guidelines\/"},"modified":"2020-04-15T17:19:48","modified_gmt":"2020-04-15T21:19:48","slug":"lignes-directrices-en-matiere-de-reproduction","status":"publish","type":"page","link":"https:\/\/policyoptions.irpp.org\/fr\/lignes-directrices-en-matiere-de-reproduction\/","title":{"rendered":"Lignes directrices en mati\u00e8re de reproduction"},"content":{"rendered":"<p>Le magazine <em>Options politiques <\/em>est un forum public qui agit au service du bien commun en suscitant un d\u00e9bat franc et constructif sur les grands enjeux politiques. C\u2019est pourquoi nous favorisons la reproduction de nos articles sous licence <a href=\"https:\/\/creativecommons.org\/licenses\/by-nd\/4.0\/\">Creative Commons Attribution<\/a>. Vous pouvez ainsi reproduire nos textes en ligne ou dans des p\u00e9riodiques imprim\u00e9s, \u00e0 condition de suivre les lignes directrices ci-dessous.<\/p>\n<p><strong>NOTE\u00a0:<\/strong> Si vous d\u00e9sirez reproduire des articles d\u2019<em>Options politiques<\/em> en mode d\u2019acc\u00e8s payant ou \u00e0 d\u2019autres fins commerciales, y compris dans un livre ou un manuel, veuillez nous contacter \u00e0 \u00a0<a href=\"mailto:smcintyre@irpp.org\">policyoptions.irpp.org<\/a> pour en obtenir l\u2019autorisation.<\/p>\n<ul>\n<li>Vous ne pouvez modifier aucun article (sauf dans les cas particuliers, tels qu\u2019indiqu\u00e9s ci-dessous).<\/li>\n<li>Vous devez indiquer l\u2019auteur de tout article reproduit.<\/li>\n<li>Vous devez citer <em>Options politiques<\/em> en tant qu\u2019\u00e9diteur initial et ins\u00e9rer un lien vers notre page d\u2019accueil ou l\u2019URL de l\u2019article original. Cette mention de source doit id\u00e9alement figurer en haut de l\u2019article avec le logo d\u2019<em>Options politiques<\/em> (que vous pouvez t\u00e9l\u00e9charger <u>ici<\/u>).<\/li>\n<li>Veuillez utiliser notre compteur de pages vues en ligne lorsque vous reproduisez un article. Ce compteur est une image invisible de 1 x 1 pixel qui nous indique o\u00f9 et quand nos articles sont reproduits. La m\u00e9thode la plus simple est d\u2019utiliser le bouton \u00ab\u00a0Reproduire\u00a0\u00bb accompagnant chaque article, ce qui int\u00e9grera automatiquement le compteur \u00e0 l\u2019article.<\/li>\n<li>Assurez-vous d\u2019\u00eatre autoris\u00e9 sous licence \u00e0 reproduire les images de nos articles. Les fournisseurs priv\u00e9s interdisent la reproduction de leurs images sans autorisation ou paiement. Les sources de nos images figurent sur la page de l\u2019article. Vous pouvez supprimer nos images ou les remplacer par les v\u00f4tres. Les m\u00eames r\u00e8gles s\u2019appliquent aux tableaux et figures illustrant nos articles.<\/li>\n<\/ul>\n<p><strong>Cas particuliers<\/strong><\/p>\n<ul>\n<li><strong>Extraits\u00a0\u2013<\/strong> Si vous reproduisez des extraits, vous pouvez indiquer, par exemple, \u00ab\u00a0Voir l\u2019article complet dans <em>Options politiques<\/em>\u00bb et ins\u00e9rer un lien vers cet article.<\/li>\n<li><strong>Citations\u00a0\u2013<\/strong> Vous pouvez citer des auteurs \u00e0 condition d\u2019ins\u00e9rer un lien vers leur article.<\/li>\n<li><strong>Traductions\u00a0\u2013<\/strong> Si vous d\u00e9sirez publier la traduction d\u2019un article d\u2019<em>Options politiques<\/em>, veuillez nous contacter \u00e0 <a href=\"mailto:communications@irpp.org\">policyoptions.irpp.org<\/a>.<\/li>\n<li><strong>P\u00e9riodiques imprim\u00e9s\u00a0\u2013<\/strong> Les lignes directrices ci-dessus s\u2019appliquent \u00e0 toute reproduction d\u2019un article dans un p\u00e9riodique imprim\u00e9, sauf en ce qui concerne le compteur de pages et les liens, qu\u2019il n\u2019est pas n\u00e9cessaire d\u2019ins\u00e9rer. Nous vous serions reconnaissants d\u2019envoyer un fichier PDF de l\u2019article reproduit \u00e0 <a href=\"mailto:communications@irpp.org\">policyoptions.irpp.org<\/a> pour que nous puissions l\u2019ajouter \u00e0 nos dossiers et le transmettre \u00e0 l\u2019auteur.<\/li>\n<\/ul>\n<p><strong>Livres et manuels<\/strong> <strong>\u2013<\/strong> Pri\u00e8re de nous contacter \u00e0 <a href=\"mailto:smcintyre@irpp.org\">policyoptions.irpp.org<\/a> pour obtenir l\u2019autorisation de reproduire nos contenus.<\/p>\n","protected":false},"excerpt":{"rendered":"<p>Le magazine Options politiques est un forum public qui agit au service du bien commun en suscitant un d\u00e9bat franc et constructif sur les grands enjeux politiques. C\u2019est pourquoi nous favorisons la reproduction de nos articles sous licence Creative Commons Attribution. Vous pouvez ainsi reproduire nos textes en ligne ou dans des p\u00e9riodiques imprim\u00e9s, \u00e0 [&hellip;]<\/p>\n","protected":false},"author":865,"featured_media":0,"parent":0,"menu_order":0,"comment_status":"closed","ping_status":"closed","template":"","meta":{"_acf_changed":false,"content-type":"","ep_exclude_from_search":false,"footnotes":""},"class_list":["post-88618","page","type-page","status-publish","hentry"],"acf":[],"yoast_head":"<!-- This site is optimized with the Yoast SEO plugin v25.8 - https:\/\/yoast.com\/wordpress\/plugins\/seo\/ -->\n<title>Lignes directrices en mati\u00e8re de reproduction - Policy Options<\/title>\n<meta name=\"robots\" content=\"index, follow, max-snippet:-1, max-image-preview:large, max-video-preview:-1\" \/>\n<link rel=\"canonical\" href=\"https:\/\/policyoptions.irpp.org\/fr\/lignes-directrices-en-matiere-de-reproduction\/\" \/>\n<meta property=\"og:locale\" content=\"fr_FR\" \/>\n<meta property=\"og:type\" content=\"article\" \/>\n<meta property=\"og:title\" content=\"Lignes directrices en mati\u00e8re de reproduction - Policy Options\" \/>\n<meta property=\"og:description\" content=\"Le magazine Options politiques est un forum public qui agit au service du bien commun en suscitant un d\u00e9bat franc et constructif sur les grands enjeux politiques. C\u2019est pourquoi nous favorisons la reproduction de nos articles sous licence Creative Commons Attribution. Vous pouvez ainsi reproduire nos textes en ligne ou dans des p\u00e9riodiques imprim\u00e9s, \u00e0 [&hellip;]\" \/>\n<meta property=\"og:url\" content=\"https:\/\/policyoptions.irpp.org\/fr\/lignes-directrices-en-matiere-de-reproduction\/\" \/>\n<meta property=\"og:site_name\" content=\"Policy Options\" \/>\n<meta property=\"article:publisher\" content=\"https:\/\/www.facebook.com\/IRPP.org\" \/>\n<meta property=\"article:modified_time\" content=\"2020-04-15T21:19:48+00:00\" \/>\n<meta property=\"og:image\" content=\"https:\/\/policyoptions.irpp.org\/wp-content\/uploads\/2024\/09\/Wordpress-Out-of-thick-air-Converting-carbon-emissions-to-fuel.jpg\" \/>\n\t<meta property=\"og:image:width\" content=\"1920\" \/>\n\t<meta property=\"og:image:height\" content=\"1080\" \/>\n\t<meta property=\"og:image:type\" content=\"image\/jpeg\" \/>\n<meta name=\"twitter:card\" content=\"summary_large_image\" \/>\n<meta name=\"twitter:site\" content=\"@irpp\" \/>\n<meta name=\"twitter:label1\" content=\"Est. reading time\" \/>\n\t<meta name=\"twitter:data1\" content=\"2 minutes\" \/>\n<script type=\"application\/ld+json\" class=\"yoast-schema-graph\">{\"@context\":\"https:\/\/schema.org\",\"@graph\":[{\"@type\":\"WebPage\",\"@id\":\"https:\/\/policyoptions.irpp.org\/fr\/lignes-directrices-en-matiere-de-reproduction\/\",\"url\":\"https:\/\/policyoptions.irpp.org\/fr\/lignes-directrices-en-matiere-de-reproduction\/\",\"name\":\"Lignes directrices en mati\u00e8re de reproduction - Policy Options\",\"isPartOf\":{\"@id\":\"https:\/\/policyoptions.irpp.org\/fr\/#website\"},\"datePublished\":\"2020-04-15T21:16:13+00:00\",\"dateModified\":\"2020-04-15T21:19:48+00:00\",\"breadcrumb\":{\"@id\":\"https:\/\/policyoptions.irpp.org\/fr\/lignes-directrices-en-matiere-de-reproduction\/#breadcrumb\"},\"inLanguage\":\"fr-FR\",\"potentialAction\":[{\"@type\":\"ReadAction\",\"target\":[\"https:\/\/policyoptions.irpp.org\/fr\/lignes-directrices-en-matiere-de-reproduction\/\"]}]},{\"@type\":\"BreadcrumbList\",\"@id\":\"https:\/\/policyoptions.irpp.org\/fr\/lignes-directrices-en-matiere-de-reproduction\/#breadcrumb\",\"itemListElement\":[{\"@type\":\"ListItem\",\"position\":1,\"name\":\"Home\",\"item\":\"https:\/\/policyoptions.irpp.org\/fr\/\"},{\"@type\":\"ListItem\",\"position\":2,\"name\":\"Lignes directrices en mati\u00e8re de reproduction\"}]},{\"@type\":\"WebSite\",\"@id\":\"https:\/\/policyoptions.irpp.org\/fr\/#website\",\"url\":\"https:\/\/policyoptions.irpp.org\/fr\/\",\"name\":\"Policy Options\",\"description\":\"Institute for Research on Public Policy\",\"potentialAction\":[{\"@type\":\"SearchAction\",\"target\":{\"@type\":\"EntryPoint\",\"urlTemplate\":\"https:\/\/policyoptions.irpp.org\/fr\/?s={search_term_string}\"},\"query-input\":{\"@type\":\"PropertyValueSpecification\",\"valueRequired\":true,\"valueName\":\"search_term_string\"}}],\"inLanguage\":\"fr-FR\"}]}<\/script>\n<!-- \/ Yoast SEO plugin. -->","yoast_head_json":{"title":"Lignes directrices en mati\u00e8re de reproduction - Policy Options","robots":{"index":"index","follow":"follow","max-snippet":"max-snippet:-1","max-image-preview":"max-image-preview:large","max-video-preview":"max-video-preview:-1"},"canonical":"https:\/\/policyoptions.irpp.org\/fr\/lignes-directrices-en-matiere-de-reproduction\/","og_locale":"fr_FR","og_type":"article","og_title":"Lignes directrices en mati\u00e8re de reproduction - Policy Options","og_description":"Le magazine Options politiques est un forum public qui agit au service du bien commun en suscitant un d\u00e9bat franc et constructif sur les grands enjeux politiques. C\u2019est pourquoi nous favorisons la reproduction de nos articles sous licence Creative Commons Attribution. Vous pouvez ainsi reproduire nos textes en ligne ou dans des p\u00e9riodiques imprim\u00e9s, \u00e0 [&hellip;]","og_url":"https:\/\/policyoptions.irpp.org\/fr\/lignes-directrices-en-matiere-de-reproduction\/","og_site_name":"Policy Options","article_publisher":"https:\/\/www.facebook.com\/IRPP.org","article_modified_time":"2020-04-15T21:19:48+00:00","og_image":[{"width":1920,"height":1080,"url":"https:\/\/policyoptions.irpp.org\/wp-content\/uploads\/2024\/09\/Wordpress-Out-of-thick-air-Converting-carbon-emissions-to-fuel.jpg","type":"image\/jpeg"}],"twitter_card":"summary_large_image","twitter_site":"@irpp","twitter_misc":{"Est. reading time":"2 minutes"},"schema":{"@context":"https:\/\/schema.org","@graph":[{"@type":"WebPage","@id":"https:\/\/policyoptions.irpp.org\/fr\/lignes-directrices-en-matiere-de-reproduction\/","url":"https:\/\/policyoptions.irpp.org\/fr\/lignes-directrices-en-matiere-de-reproduction\/","name":"Lignes directrices en mati\u00e8re de reproduction - Policy Options","isPartOf":{"@id":"https:\/\/policyoptions.irpp.org\/fr\/#website"},"datePublished":"2020-04-15T21:16:13+00:00","dateModified":"2020-04-15T21:19:48+00:00","breadcrumb":{"@id":"https:\/\/policyoptions.irpp.org\/fr\/lignes-directrices-en-matiere-de-reproduction\/#breadcrumb"},"inLanguage":"fr-FR","potentialAction":[{"@type":"ReadAction","target":["https:\/\/policyoptions.irpp.org\/fr\/lignes-directrices-en-matiere-de-reproduction\/"]}]},{"@type":"BreadcrumbList","@id":"https:\/\/policyoptions.irpp.org\/fr\/lignes-directrices-en-matiere-de-reproduction\/#breadcrumb","itemListElement":[{"@type":"ListItem","position":1,"name":"Home","item":"https:\/\/policyoptions.irpp.org\/fr\/"},{"@type":"ListItem","position":2,"name":"Lignes directrices en mati\u00e8re de reproduction"}]},{"@type":"WebSite","@id":"https:\/\/policyoptions.irpp.org\/fr\/#website","url":"https:\/\/policyoptions.irpp.org\/fr\/","name":"Policy Options","description":"Institute for Research on Public Policy","potentialAction":[{"@type":"SearchAction","target":{"@type":"EntryPoint","urlTemplate":"https:\/\/policyoptions.irpp.org\/fr\/?s={search_term_string}"},"query-input":{"@type":"PropertyValueSpecification","valueRequired":true,"valueName":"search_term_string"}}],"inLanguage":"fr-FR"}]}},"_links":{"self":[{"href":"https:\/\/policyoptions.irpp.org\/fr\/wp-json\/wp\/v2\/pages\/88618","targetHints":{"allow":["GET"]}}],"collection":[{"href":"https:\/\/policyoptions.irpp.org\/fr\/wp-json\/wp\/v2\/pages"}],"about":[{"href":"https:\/\/policyoptions.irpp.org\/fr\/wp-json\/wp\/v2\/types\/page"}],"author":[{"embeddable":true,"href":"https:\/\/policyoptions.irpp.org\/fr\/wp-json\/wp\/v2\/users\/865"}],"replies":[{"embeddable":true,"href":"https:\/\/policyoptions.irpp.org\/fr\/wp-json\/wp\/v2\/comments?post=88618"}],"version-history":[{"count":0,"href":"https:\/\/policyoptions.irpp.org\/fr\/wp-json\/wp\/v2\/pages\/88618\/revisions"}],"wp:attachment":[{"href":"https:\/\/policyoptions.irpp.org\/fr\/wp-json\/wp\/v2\/media?parent=88618"}],"curies":[{"name":"wp","href":"https:\/\/api.w.org\/{rel}","templated":true}]}}