{"id":51614,"date":"2017-09-14T16:50:26","date_gmt":"2017-09-14T20:50:26","guid":{"rendered":"http:\/\/irpp-policy-options.local\/fr\/?page_id=51614"},"modified":"2017-09-14T16:50:26","modified_gmt":"2017-09-14T20:50:26","slug":"subscribe-to-our-newsletter","status":"publish","type":"page","link":"https:\/\/policyoptions.irpp.org\/fr\/subscribe-to-our-newsletter\/","title":{"rendered":"S&#8217;abonner \u00e0 l&#8217;infolettre"},"content":{"rendered":"<p><!-Begin MailChimp Signup Form -->\n<link href=\"\/\/cdn-images.mailchimp.com\/embedcode\/classic-10_7.css\" rel=\"stylesheet\" type=\"text\/css\">\n<style type=\"text\/css\">\n\t#mc_embed_signup{background:#fff; clear:left; font:14px Helvetica,Arial,sans-serif; }\n\t\/* Add your own MailChimp form style overrides in your site stylesheet or in this style block.\n\t   We recommend moving this block and the preceding CSS link to the HEAD of your HTML file. *\/\n<\/style>\n<div id=\"mc_embed_signup\">\n<form action=\"\/\/irpp.us7.list-manage.com\/subscribe\/post?u=f538f283d07ef7057a628bed8&amp;id=26f66e24ce\" method=\"post\" id=\"mc-embedded-subscribe-form\" name=\"mc-embedded-subscribe-form\" class=\"validate\" target=\"_blank\" novalidate>\n<div id=\"mc_embed_signup_scroll\">\n<div class=\"indicates-required\"><span class=\"asterisk\">*<\/span> indicates required<\/div>\n<div class=\"mc-field-group\">\n\t<label for=\"mce-EMAIL\">E-mail address | Adresse courriel  <span class=\"asterisk\">*<\/span><br \/>\n<\/label><br \/>\n\t<input type=\"email\" value=\"\" name=\"EMAIL\" class=\"required email\" id=\"mce-EMAIL\">\n<\/div>\n<div class=\"mc-field-group\">\n\t<label for=\"mce-MMERGE3\">Salutation | Titre <\/label><br \/>\n\t<select name=\"MMERGE3\" class=\"\" id=\"mce-MMERGE3\"><option value=\"\"><\/option><option value=\"Mr. | Monsieur\">Mr. | Monsieur<\/option><option value=\"Ms. | Madame\">Ms. | Madame<\/option><\/select>\n<\/div>\n<div class=\"mc-field-group\">\n\t<label for=\"mce-FNAME\">First name | Pr\u00e9nom <\/label><br \/>\n\t<input type=\"text\" value=\"\" name=\"FNAME\" class=\"\" id=\"mce-FNAME\">\n<\/div>\n<div class=\"mc-field-group\">\n\t<label for=\"mce-LNAME\">Last name | Nom <\/label><br \/>\n\t<input type=\"text\" value=\"\" name=\"LNAME\" class=\"\" id=\"mce-LNAME\">\n<\/div>\n<div class=\"mc-field-group\">\n\t<label for=\"mce-MMERGE4\">Title | Fonction <\/label><br \/>\n\t<input type=\"text\" value=\"\" name=\"MMERGE4\" class=\"\" id=\"mce-MMERGE4\">\n<\/div>\n<div class=\"mc-field-group\">\n\t<label for=\"mce-MMERGE5\">Organization | Organisation <\/label><br \/>\n\t<input type=\"text\" value=\"\" name=\"MMERGE5\" class=\"\" id=\"mce-MMERGE5\">\n<\/div>\n<div class=\"mc-field-group size1of2\">\n\t<label for=\"mce-MMERGE10\">Phone number | Num\u00e9ro de t\u00e9l\u00e9phone <\/label><br \/>\n\t<input type=\"text\" name=\"MMERGE10\" class=\"\" value=\"\" id=\"mce-MMERGE10\">\n<\/div>\n<div class=\"mc-field-group\">\n\t<label for=\"mce-MMERGE6\">City | Ville <\/label><br \/>\n\t<input type=\"text\" value=\"\" name=\"MMERGE6\" class=\"\" id=\"mce-MMERGE6\">\n<\/div>\n<div class=\"mc-field-group\">\n\t<label for=\"mce-MMERGE7\">Province <\/label><br \/>\n\t<select name=\"MMERGE7\" class=\"\" id=\"mce-MMERGE7\"><option value=\"\"><\/option><option value=\"AB\">AB<\/option><option value=\"BC\">BC<\/option><option value=\"MB\">MB<\/option><option value=\"NB\">NB<\/option><option value=\"NL\">NL<\/option><option value=\"NT\">NT<\/option><option value=\"NS\">NS<\/option><option value=\"NU\">NU<\/option><option value=\"ON\">ON<\/option><option value=\"PE\">PE<\/option><option value=\"QC\">QC<\/option><option value=\"SK\">SK<\/option><option value=\"YT\">YT<\/option><option value=\"Other | Autre\">Other | Autre<\/option><\/select>\n<\/div>\n<div class=\"mc-field-group input-group\">\n    <strong>Language |  Langue  <span class=\"asterisk\">*<\/span><br \/>\n<\/strong><\/p>\n<ul>\n<li><input type=\"radio\" value=\"English\" name=\"MMERGE9\" id=\"mce-MMERGE9-0\"><label for=\"mce-MMERGE9-0\">English<\/label><\/li>\n<li><input type=\"radio\" value=\"Fran\u00e7ais\" name=\"MMERGE9\" id=\"mce-MMERGE9-1\"><label for=\"mce-MMERGE9-1\">Fran\u00e7ais<\/label><\/li>\n<\/ul>\n<\/div>\n<div id=\"mce-responses\" class=\"clear\">\n<div class=\"response\" id=\"mce-error-response\" style=\"display:none\"><\/div>\n<div class=\"response\" id=\"mce-success-response\" style=\"display:none\"><\/div>\n<\/p><\/div>\n<p>    <!-real people should not fill this in and expect good things do not remove this or risk form bot signups--><\/p>\n<div style=\"position: absolute; left: -5000px;\" aria-hidden=\"true\"><input type=\"text\" name=\"b_f538f283d07ef7057a628bed8_26f66e24ce\" tabindex=\"-1\" value=\"\"><\/div>\n<div class=\"clear\"><input type=\"submit\" value=\"Subscribe\" name=\"subscribe\" id=\"mc-embedded-subscribe\" class=\"button\"><\/div>\n<\/p><\/div>\n<\/form>\n<\/div>\n<p><script type='text\/javascript' src='\/\/s3.amazonaws.com\/downloads.mailchimp.com\/js\/mc-validate.js'><\/script><script type='text\/javascript'>(function($) {window.fnames = new Array(); window.ftypes = new Array();fnames[0]='EMAIL';ftypes[0]='email';fnames[3]='MMERGE3';ftypes[3]='dropdown';fnames[1]='FNAME';ftypes[1]='text';fnames[2]='LNAME';ftypes[2]='text';fnames[4]='MMERGE4';ftypes[4]='text';fnames[5]='MMERGE5';ftypes[5]='text';fnames[10]='MMERGE10';ftypes[10]='phone';fnames[6]='MMERGE6';ftypes[6]='text';fnames[7]='MMERGE7';ftypes[7]='dropdown';fnames[9]='MMERGE9';ftypes[9]='radio';}(jQuery));var $mcj = jQuery.noConflict(true);<\/script><br \/>\n<!--End mc_embed_signup--><\/p>\n","protected":false},"excerpt":{"rendered":"<p>* indicates required E-mail address | Adresse courriel * Salutation | Titre Mr. | MonsieurMs. | Madame First name | Pr\u00e9nom Last name | Nom Title | Fonction Organization | Organisation Phone number | Num\u00e9ro de t\u00e9l\u00e9phone City | Ville Province ABBCMBNBNLNTNSNUONPEQCSKYTOther | Autre Language | Langue * English Fran\u00e7ais<\/p>\n","protected":false},"author":31,"featured_media":0,"parent":0,"menu_order":0,"comment_status":"closed","ping_status":"closed","template":"","meta":{"_acf_changed":false,"content-type":"","ep_exclude_from_search":false,"footnotes":""},"class_list":["post-51614","page","type-page","status-publish","hentry"],"acf":[],"yoast_head":"<!-- This site is optimized with the Yoast SEO plugin v27.4 - https:\/\/yoast.com\/product\/yoast-seo-wordpress\/ -->\n<title>Policy Options Newsletter<\/title>\n<meta name=\"description\" content=\"Policy Options has launched a weekly newsletter to help readers catch up with articles they might have missed.\" \/>\n<meta name=\"robots\" content=\"index, follow, max-snippet:-1, max-image-preview:large, max-video-preview:-1\" \/>\n<link rel=\"canonical\" href=\"https:\/\/policyoptions.irpp.org\/fr\/subscribe-to-our-newsletter\/\" \/>\n<meta property=\"og:locale\" content=\"fr_FR\" \/>\n<meta property=\"og:type\" content=\"article\" \/>\n<meta property=\"og:title\" content=\"Policy Options Newsletter\" \/>\n<meta property=\"og:description\" content=\"Policy Options has launched a weekly newsletter to help readers catch up with articles they might have missed.\" \/>\n<meta property=\"og:url\" content=\"https:\/\/policyoptions.irpp.org\/fr\/subscribe-to-our-newsletter\/\" \/>\n<meta property=\"og:site_name\" content=\"Policy Options\" \/>\n<meta property=\"article:publisher\" content=\"https:\/\/www.facebook.com\/IRPP.org\" \/>\n<meta name=\"twitter:card\" content=\"summary_large_image\" \/>\n<meta name=\"twitter:site\" content=\"@irpp\" \/>\n<script type=\"application\/ld+json\" class=\"yoast-schema-graph\">{\"@context\":\"https:\\\/\\\/schema.org\",\"@graph\":[{\"@type\":\"WebPage\",\"@id\":\"https:\\\/\\\/policyoptions.irpp.org\\\/fr\\\/subscribe-to-our-newsletter\\\/\",\"url\":\"https:\\\/\\\/policyoptions.irpp.org\\\/fr\\\/subscribe-to-our-newsletter\\\/\",\"name\":\"Policy Options Newsletter\",\"isPartOf\":{\"@id\":\"https:\\\/\\\/policyoptions.irpp.org\\\/fr\\\/#website\"},\"datePublished\":\"2017-09-14T20:50:26+00:00\",\"description\":\"Policy Options has launched a weekly newsletter to help readers catch up with articles they might have missed.\",\"breadcrumb\":{\"@id\":\"https:\\\/\\\/policyoptions.irpp.org\\\/fr\\\/subscribe-to-our-newsletter\\\/#breadcrumb\"},\"inLanguage\":\"fr-FR\",\"potentialAction\":[{\"@type\":\"ReadAction\",\"target\":[\"https:\\\/\\\/policyoptions.irpp.org\\\/fr\\\/subscribe-to-our-newsletter\\\/\"]}]},{\"@type\":\"BreadcrumbList\",\"@id\":\"https:\\\/\\\/policyoptions.irpp.org\\\/fr\\\/subscribe-to-our-newsletter\\\/#breadcrumb\",\"itemListElement\":[{\"@type\":\"ListItem\",\"position\":1,\"name\":\"Home\",\"item\":\"https:\\\/\\\/policyoptions.irpp.org\\\/fr\\\/\"},{\"@type\":\"ListItem\",\"position\":2,\"name\":\"S&rsquo;abonner \u00e0 l&rsquo;infolettre\"}]},{\"@type\":\"WebSite\",\"@id\":\"https:\\\/\\\/policyoptions.irpp.org\\\/fr\\\/#website\",\"url\":\"https:\\\/\\\/policyoptions.irpp.org\\\/fr\\\/\",\"name\":\"Policy Options\",\"description\":\"Institute for Research on Public Policy\",\"potentialAction\":[{\"@type\":\"SearchAction\",\"target\":{\"@type\":\"EntryPoint\",\"urlTemplate\":\"https:\\\/\\\/policyoptions.irpp.org\\\/fr\\\/?s={search_term_string}\"},\"query-input\":{\"@type\":\"PropertyValueSpecification\",\"valueRequired\":true,\"valueName\":\"search_term_string\"}}],\"inLanguage\":\"fr-FR\"}]}<\/script>\n<!-- \/ Yoast SEO plugin. -->","yoast_head_json":{"title":"Policy Options Newsletter","description":"Policy Options has launched a weekly newsletter to help readers catch up with articles they might have missed.","robots":{"index":"index","follow":"follow","max-snippet":"max-snippet:-1","max-image-preview":"max-image-preview:large","max-video-preview":"max-video-preview:-1"},"canonical":"https:\/\/policyoptions.irpp.org\/fr\/subscribe-to-our-newsletter\/","og_locale":"fr_FR","og_type":"article","og_title":"Policy Options Newsletter","og_description":"Policy Options has launched a weekly newsletter to help readers catch up with articles they might have missed.","og_url":"https:\/\/policyoptions.irpp.org\/fr\/subscribe-to-our-newsletter\/","og_site_name":"Policy Options","article_publisher":"https:\/\/www.facebook.com\/IRPP.org","twitter_card":"summary_large_image","twitter_site":"@irpp","schema":{"@context":"https:\/\/schema.org","@graph":[{"@type":"WebPage","@id":"https:\/\/policyoptions.irpp.org\/fr\/subscribe-to-our-newsletter\/","url":"https:\/\/policyoptions.irpp.org\/fr\/subscribe-to-our-newsletter\/","name":"Policy Options Newsletter","isPartOf":{"@id":"https:\/\/policyoptions.irpp.org\/fr\/#website"},"datePublished":"2017-09-14T20:50:26+00:00","description":"Policy Options has launched a weekly newsletter to help readers catch up with articles they might have missed.","breadcrumb":{"@id":"https:\/\/policyoptions.irpp.org\/fr\/subscribe-to-our-newsletter\/#breadcrumb"},"inLanguage":"fr-FR","potentialAction":[{"@type":"ReadAction","target":["https:\/\/policyoptions.irpp.org\/fr\/subscribe-to-our-newsletter\/"]}]},{"@type":"BreadcrumbList","@id":"https:\/\/policyoptions.irpp.org\/fr\/subscribe-to-our-newsletter\/#breadcrumb","itemListElement":[{"@type":"ListItem","position":1,"name":"Home","item":"https:\/\/policyoptions.irpp.org\/fr\/"},{"@type":"ListItem","position":2,"name":"S&rsquo;abonner \u00e0 l&rsquo;infolettre"}]},{"@type":"WebSite","@id":"https:\/\/policyoptions.irpp.org\/fr\/#website","url":"https:\/\/policyoptions.irpp.org\/fr\/","name":"Policy Options","description":"Institute for Research on Public Policy","potentialAction":[{"@type":"SearchAction","target":{"@type":"EntryPoint","urlTemplate":"https:\/\/policyoptions.irpp.org\/fr\/?s={search_term_string}"},"query-input":{"@type":"PropertyValueSpecification","valueRequired":true,"valueName":"search_term_string"}}],"inLanguage":"fr-FR"}]}},"_links":{"self":[{"href":"https:\/\/policyoptions.irpp.org\/fr\/wp-json\/wp\/v2\/pages\/51614","targetHints":{"allow":["GET"]}}],"collection":[{"href":"https:\/\/policyoptions.irpp.org\/fr\/wp-json\/wp\/v2\/pages"}],"about":[{"href":"https:\/\/policyoptions.irpp.org\/fr\/wp-json\/wp\/v2\/types\/page"}],"author":[{"embeddable":true,"href":"https:\/\/policyoptions.irpp.org\/fr\/wp-json\/wp\/v2\/users\/31"}],"replies":[{"embeddable":true,"href":"https:\/\/policyoptions.irpp.org\/fr\/wp-json\/wp\/v2\/comments?post=51614"}],"version-history":[{"count":0,"href":"https:\/\/policyoptions.irpp.org\/fr\/wp-json\/wp\/v2\/pages\/51614\/revisions"}],"wp:attachment":[{"href":"https:\/\/policyoptions.irpp.org\/fr\/wp-json\/wp\/v2\/media?parent=51614"}],"curies":[{"name":"wp","href":"https:\/\/api.w.org\/{rel}","templated":true}]}}