{"id":17955,"date":"2015-08-17T15:24:57","date_gmt":"2015-08-17T19:24:57","guid":{"rendered":"http:\/\/policyoptions.atomicmotion.com\/policyblog\/fr\/letter-from-the-editor\/"},"modified":"2017-02-27T10:29:36","modified_gmt":"2017-02-27T15:29:36","slug":"letter-from-the-editor","status":"publish","type":"page","link":"https:\/\/policyoptions.irpp.org\/fr\/letter-from-the-editor\/","title":{"rendered":"Mot de la r\u00e9dactrice en chef"},"content":{"rendered":"<p><a href=\"https:\/\/policyoptions.irpp.org\/wp-content\/uploads\/2015\/08\/jditchburn.jpg\"><img decoding=\"async\" class=\"size-full wp-image-37963 alignleft\" src=\"https:\/\/policyoptions.irpp.org\/wp-content\/uploads\/2015\/08\/jditchburn.jpg\" alt=\"\" width=\"200\" height=\"200\" srcset=\"https:\/\/policyoptions.irpp.org\/wp-content\/uploads\/2015\/08\/jditchburn.jpg 200w, https:\/\/policyoptions.irpp.org\/wp-content\/uploads\/2015\/08\/jditchburn-150x150.jpg 150w, https:\/\/policyoptions.irpp.org\/wp-content\/uploads\/2015\/08\/jditchburn-130x130.jpg 130w, https:\/\/policyoptions.irpp.org\/wp-content\/uploads\/2015\/08\/jditchburn-185x185.jpg 185w, https:\/\/policyoptions.irpp.org\/wp-content\/uploads\/2015\/08\/jditchburn-32x32.jpg 32w, https:\/\/policyoptions.irpp.org\/wp-content\/uploads\/2015\/08\/jditchburn-64x64.jpg 64w, https:\/\/policyoptions.irpp.org\/wp-content\/uploads\/2015\/08\/jditchburn-96x96.jpg 96w, https:\/\/policyoptions.irpp.org\/wp-content\/uploads\/2015\/08\/jditchburn-128x128.jpg 128w\" sizes=\"(max-width: 200px) 100vw, 200px\" \/><\/a>Tous les jours, quelque part au pays, un haut fonctionnaire ou un politicien, un chercheur, un dirigeant d\u2019entreprise ou d\u2019ONG se tourne vers un coll\u00e8gue pour lui poser cette question\u00a0: quelles sont nos options \u00ab politiques\u00a0\u00bb ? Tous \u00e9tudient les d\u00e9fis que doivent relever les Canadiens, des d\u00e9fis de longue date ou totalement in\u00e9dits, pour leur trouver des solutions innovantes. Ces options qu\u2019ils d\u00e9finissent deviennent la mati\u00e8re de nos lois et r\u00e9glementations, de notre r\u00e9gime fiscal, de la planification de nos villes, de notre diplomatie ou de nos politiques du travail. Autrement dit, ils font des choix qui nous concernent au premier chef.<\/p>\n<p>Le titre m\u00eame de notre publication num\u00e9rique, <em>Options politiques,<\/em> \u00e9voque la question ci-dessus mais invite aussi un auditoire beaucoup plus vaste \u00e0 d\u00e9battre ouvertement de ces choix pour contribuer aux discussions qui occupent nos d\u00e9cideurs\u2026 ou qui devraient les occuper. Notre forum est ouvert \u00e0 des sp\u00e9cialistes tout autant qu\u2019\u00e0 des collaborateurs soucieux d\u2019am\u00e9liorer la qualit\u00e9 du d\u00e9bat public.<\/p>\n<p>Notre engagement consiste \u00e0 faire valoir une diversit\u00e9 de points de vue dans les deux langues officielles du pays. Nos articles et balados sont pr\u00e9sent\u00e9s dans un style que nous souhaitons dynamique et accessible \u00e0 tous les Canadiens passionn\u00e9s de la chose publique.<\/p>\n<p>Nous attendons avec impatience vos id\u00e9es et commentaires.<\/p>\n<p><strong>Jennifer Ditchburn<br \/>\nR\u00e9dactrice en chef<\/strong><\/p>\n","protected":false},"excerpt":{"rendered":"<p>Tous les jours, quelque part au pays, un haut fonctionnaire ou un politicien, un chercheur, un dirigeant d\u2019entreprise ou d\u2019ONG se tourne vers un coll\u00e8gue pour lui poser cette question\u00a0: quelles sont nos options \u00ab politiques\u00a0\u00bb ? Tous \u00e9tudient les d\u00e9fis que doivent relever les Canadiens, des d\u00e9fis de longue date ou totalement in\u00e9dits, pour [&hellip;]<\/p>\n","protected":false},"author":1,"featured_media":0,"parent":0,"menu_order":0,"comment_status":"closed","ping_status":"open","template":"","meta":{"_acf_changed":false,"content-type":"","ep_exclude_from_search":false,"footnotes":""},"class_list":["post-17955","page","type-page","status-publish","hentry"],"acf":[],"yoast_head":"<!-- This site is optimized with the Yoast SEO plugin v27.4 - https:\/\/yoast.com\/product\/yoast-seo-wordpress\/ -->\n<title>Mot de la r\u00e9dactrice en chef - Policy Options<\/title>\n<meta name=\"robots\" content=\"index, follow, max-snippet:-1, max-image-preview:large, max-video-preview:-1\" \/>\n<link rel=\"canonical\" href=\"https:\/\/policyoptions.irpp.org\/fr\/letter-from-the-editor\/\" \/>\n<meta property=\"og:locale\" content=\"fr_FR\" \/>\n<meta property=\"og:type\" content=\"article\" \/>\n<meta property=\"og:title\" content=\"Mot de la r\u00e9dactrice en chef - Policy Options\" \/>\n<meta property=\"og:description\" content=\"Tous les jours, quelque part au pays, un haut fonctionnaire ou un politicien, un chercheur, un dirigeant d\u2019entreprise ou d\u2019ONG se tourne vers un coll\u00e8gue pour lui poser cette question\u00a0: quelles sont nos options \u00ab politiques\u00a0\u00bb ? Tous \u00e9tudient les d\u00e9fis que doivent relever les Canadiens, des d\u00e9fis de longue date ou totalement in\u00e9dits, pour [&hellip;]\" \/>\n<meta property=\"og:url\" content=\"https:\/\/policyoptions.irpp.org\/fr\/letter-from-the-editor\/\" \/>\n<meta property=\"og:site_name\" content=\"Policy Options\" \/>\n<meta property=\"article:publisher\" content=\"https:\/\/www.facebook.com\/IRPP.org\" \/>\n<meta property=\"article:modified_time\" content=\"2017-02-27T15:29:36+00:00\" \/>\n<meta property=\"og:image\" content=\"https:\/\/policyoptions.irpp.org\/wp-content\/uploads\/2015\/08\/jditchburn.jpg\" \/>\n\t<meta property=\"og:image:width\" content=\"200\" \/>\n\t<meta property=\"og:image:height\" content=\"200\" \/>\n\t<meta property=\"og:image:type\" content=\"image\/jpeg\" \/>\n<meta name=\"twitter:card\" content=\"summary_large_image\" \/>\n<meta name=\"twitter:site\" content=\"@irpp\" \/>\n<meta name=\"twitter:label1\" content=\"Est. reading time\" \/>\n\t<meta name=\"twitter:data1\" content=\"1 minute\" \/>\n<script type=\"application\/ld+json\" class=\"yoast-schema-graph\">{\"@context\":\"https:\\\/\\\/schema.org\",\"@graph\":[{\"@type\":\"WebPage\",\"@id\":\"https:\\\/\\\/policyoptions.irpp.org\\\/fr\\\/letter-from-the-editor\\\/\",\"url\":\"https:\\\/\\\/policyoptions.irpp.org\\\/fr\\\/letter-from-the-editor\\\/\",\"name\":\"Mot de la r\u00e9dactrice en chef - Policy Options\",\"isPartOf\":{\"@id\":\"https:\\\/\\\/policyoptions.irpp.org\\\/fr\\\/#website\"},\"primaryImageOfPage\":{\"@id\":\"https:\\\/\\\/policyoptions.irpp.org\\\/fr\\\/letter-from-the-editor\\\/#primaryimage\"},\"image\":{\"@id\":\"https:\\\/\\\/policyoptions.irpp.org\\\/fr\\\/letter-from-the-editor\\\/#primaryimage\"},\"thumbnailUrl\":\"https:\\\/\\\/policyoptions.irpp.org\\\/wp-content\\\/uploads\\\/2015\\\/08\\\/jditchburn.jpg\",\"datePublished\":\"2015-08-17T19:24:57+00:00\",\"dateModified\":\"2017-02-27T15:29:36+00:00\",\"breadcrumb\":{\"@id\":\"https:\\\/\\\/policyoptions.irpp.org\\\/fr\\\/letter-from-the-editor\\\/#breadcrumb\"},\"inLanguage\":\"fr-FR\",\"potentialAction\":[{\"@type\":\"ReadAction\",\"target\":[\"https:\\\/\\\/policyoptions.irpp.org\\\/fr\\\/letter-from-the-editor\\\/\"]}]},{\"@type\":\"ImageObject\",\"inLanguage\":\"fr-FR\",\"@id\":\"https:\\\/\\\/policyoptions.irpp.org\\\/fr\\\/letter-from-the-editor\\\/#primaryimage\",\"url\":\"https:\\\/\\\/policyoptions.irpp.org\\\/wp-content\\\/uploads\\\/2015\\\/08\\\/jditchburn.jpg\",\"contentUrl\":\"https:\\\/\\\/policyoptions.irpp.org\\\/wp-content\\\/uploads\\\/2015\\\/08\\\/jditchburn.jpg\"},{\"@type\":\"BreadcrumbList\",\"@id\":\"https:\\\/\\\/policyoptions.irpp.org\\\/fr\\\/letter-from-the-editor\\\/#breadcrumb\",\"itemListElement\":[{\"@type\":\"ListItem\",\"position\":1,\"name\":\"Home\",\"item\":\"https:\\\/\\\/policyoptions.irpp.org\\\/fr\\\/\"},{\"@type\":\"ListItem\",\"position\":2,\"name\":\"Mot de la r\u00e9dactrice en chef\"}]},{\"@type\":\"WebSite\",\"@id\":\"https:\\\/\\\/policyoptions.irpp.org\\\/fr\\\/#website\",\"url\":\"https:\\\/\\\/policyoptions.irpp.org\\\/fr\\\/\",\"name\":\"Policy Options\",\"description\":\"Institute for Research on Public Policy\",\"potentialAction\":[{\"@type\":\"SearchAction\",\"target\":{\"@type\":\"EntryPoint\",\"urlTemplate\":\"https:\\\/\\\/policyoptions.irpp.org\\\/fr\\\/?s={search_term_string}\"},\"query-input\":{\"@type\":\"PropertyValueSpecification\",\"valueRequired\":true,\"valueName\":\"search_term_string\"}}],\"inLanguage\":\"fr-FR\"}]}<\/script>\n<!-- \/ Yoast SEO plugin. -->","yoast_head_json":{"title":"Mot de la r\u00e9dactrice en chef - Policy Options","robots":{"index":"index","follow":"follow","max-snippet":"max-snippet:-1","max-image-preview":"max-image-preview:large","max-video-preview":"max-video-preview:-1"},"canonical":"https:\/\/policyoptions.irpp.org\/fr\/letter-from-the-editor\/","og_locale":"fr_FR","og_type":"article","og_title":"Mot de la r\u00e9dactrice en chef - Policy Options","og_description":"Tous les jours, quelque part au pays, un haut fonctionnaire ou un politicien, un chercheur, un dirigeant d\u2019entreprise ou d\u2019ONG se tourne vers un coll\u00e8gue pour lui poser cette question\u00a0: quelles sont nos options \u00ab politiques\u00a0\u00bb ? Tous \u00e9tudient les d\u00e9fis que doivent relever les Canadiens, des d\u00e9fis de longue date ou totalement in\u00e9dits, pour [&hellip;]","og_url":"https:\/\/policyoptions.irpp.org\/fr\/letter-from-the-editor\/","og_site_name":"Policy Options","article_publisher":"https:\/\/www.facebook.com\/IRPP.org","article_modified_time":"2017-02-27T15:29:36+00:00","og_image":[{"width":200,"height":200,"url":"https:\/\/policyoptions.irpp.org\/wp-content\/uploads\/2015\/08\/jditchburn.jpg","type":"image\/jpeg"}],"twitter_card":"summary_large_image","twitter_site":"@irpp","twitter_misc":{"Est. reading time":"1 minute"},"schema":{"@context":"https:\/\/schema.org","@graph":[{"@type":"WebPage","@id":"https:\/\/policyoptions.irpp.org\/fr\/letter-from-the-editor\/","url":"https:\/\/policyoptions.irpp.org\/fr\/letter-from-the-editor\/","name":"Mot de la r\u00e9dactrice en chef - Policy Options","isPartOf":{"@id":"https:\/\/policyoptions.irpp.org\/fr\/#website"},"primaryImageOfPage":{"@id":"https:\/\/policyoptions.irpp.org\/fr\/letter-from-the-editor\/#primaryimage"},"image":{"@id":"https:\/\/policyoptions.irpp.org\/fr\/letter-from-the-editor\/#primaryimage"},"thumbnailUrl":"https:\/\/policyoptions.irpp.org\/wp-content\/uploads\/2015\/08\/jditchburn.jpg","datePublished":"2015-08-17T19:24:57+00:00","dateModified":"2017-02-27T15:29:36+00:00","breadcrumb":{"@id":"https:\/\/policyoptions.irpp.org\/fr\/letter-from-the-editor\/#breadcrumb"},"inLanguage":"fr-FR","potentialAction":[{"@type":"ReadAction","target":["https:\/\/policyoptions.irpp.org\/fr\/letter-from-the-editor\/"]}]},{"@type":"ImageObject","inLanguage":"fr-FR","@id":"https:\/\/policyoptions.irpp.org\/fr\/letter-from-the-editor\/#primaryimage","url":"https:\/\/policyoptions.irpp.org\/wp-content\/uploads\/2015\/08\/jditchburn.jpg","contentUrl":"https:\/\/policyoptions.irpp.org\/wp-content\/uploads\/2015\/08\/jditchburn.jpg"},{"@type":"BreadcrumbList","@id":"https:\/\/policyoptions.irpp.org\/fr\/letter-from-the-editor\/#breadcrumb","itemListElement":[{"@type":"ListItem","position":1,"name":"Home","item":"https:\/\/policyoptions.irpp.org\/fr\/"},{"@type":"ListItem","position":2,"name":"Mot de la r\u00e9dactrice en chef"}]},{"@type":"WebSite","@id":"https:\/\/policyoptions.irpp.org\/fr\/#website","url":"https:\/\/policyoptions.irpp.org\/fr\/","name":"Policy Options","description":"Institute for Research on Public Policy","potentialAction":[{"@type":"SearchAction","target":{"@type":"EntryPoint","urlTemplate":"https:\/\/policyoptions.irpp.org\/fr\/?s={search_term_string}"},"query-input":{"@type":"PropertyValueSpecification","valueRequired":true,"valueName":"search_term_string"}}],"inLanguage":"fr-FR"}]}},"_links":{"self":[{"href":"https:\/\/policyoptions.irpp.org\/fr\/wp-json\/wp\/v2\/pages\/17955","targetHints":{"allow":["GET"]}}],"collection":[{"href":"https:\/\/policyoptions.irpp.org\/fr\/wp-json\/wp\/v2\/pages"}],"about":[{"href":"https:\/\/policyoptions.irpp.org\/fr\/wp-json\/wp\/v2\/types\/page"}],"author":[{"embeddable":true,"href":"https:\/\/policyoptions.irpp.org\/fr\/wp-json\/wp\/v2\/users\/1"}],"replies":[{"embeddable":true,"href":"https:\/\/policyoptions.irpp.org\/fr\/wp-json\/wp\/v2\/comments?post=17955"}],"version-history":[{"count":0,"href":"https:\/\/policyoptions.irpp.org\/fr\/wp-json\/wp\/v2\/pages\/17955\/revisions"}],"wp:attachment":[{"href":"https:\/\/policyoptions.irpp.org\/fr\/wp-json\/wp\/v2\/media?parent=17955"}],"curies":[{"name":"wp","href":"https:\/\/api.w.org\/{rel}","templated":true}]}}