{"id":17947,"date":"2014-05-12T11:28:13","date_gmt":"2014-05-12T15:28:13","guid":{"rendered":"http:\/\/policyoptions.atomicmotion.com\/policyblog\/fr\/essay-competition\/"},"modified":"2015-08-27T10:11:25","modified_gmt":"2015-08-27T14:11:25","slug":"essay-competition","status":"publish","type":"page","link":"https:\/\/policyoptions.irpp.org\/fr\/essay-competition\/","title":{"rendered":"Concours de dissertations"},"content":{"rendered":"<p>Avec le soutien du cabinet Norton Rose et du Congr\u00e8s canadien des affaires constitutionnelles (CCAC), la revue <em>Options politiques<\/em> tient chaque ann\u00e9e un Concours de dissertations sur les questions constitutionnelles. Celui-ci vise \u00e0 stimuler le d\u00e9bat constitutionnel au Canada en publiant des textes d&#8217;\u00e9tudiants sur le sujet et en r\u00e9compensant financi\u00e8rement leurs auteurs.<\/p>\n<p>Le concours a \u00e9t\u00e9 cr\u00e9\u00e9 dans la foul\u00e9e de la conf\u00e9rence nationale du CCAC tenue \u00e0 Qu\u00e9bec en 2008 \u00e0 l&#8217;intention des \u00e9tudiants en droit et des sp\u00e9cialistes des questions constitutionnelles. Consacr\u00e9e \u00e0 l&#8217;\u00e9tude du f\u00e9d\u00e9ralisme canadien et des questions d&#8217;identit\u00e9, cette conf\u00e9rence se voulait une occasion d&#8217;encourager le d\u00e9bat sur ces enjeux et d&#8217;en enrichir la qualit\u00e9 parmi les \u00e9tudiants de tout le Canada.<\/p>\n<p><strong>Gagnant de 2012<\/strong><br \/>\nInsite and drug policy: A constitutional tourniquet?<br \/>\nDanilo Popadi\u00c4\u2021<\/p>\n<p><strong>Gagnants de 2011<\/strong><br \/>\nConstitutional constraints: A case against Senate reform in Canada<br \/>\nAlexander B. Wilkinson<\/p>\n<p>The Canadian securities system: In desparate need of reform<br \/>\nJulia Lurye<\/p>\n<p><strong>Gagnants de 2010<\/strong><br \/>\nA constitutional foundation for a greenhouse gas reduction policy<br \/>\nThomas Posyniak<\/p>\n<p>Federal power and federal duty: Reconciling sections 91(24) and 35(1) of the Canadian Constitution<br \/>\nBrian Bird<\/p>\n","protected":false},"excerpt":{"rendered":"<p>Avec le soutien du cabinet Norton Rose et du Congr\u00e8s canadien des affaires constitutionnelles (CCAC), la revue Options politiques tient chaque ann\u00e9e un Concours de dissertations sur les questions constitutionnelles. Celui-ci vise \u00e0 stimuler le d\u00e9bat constitutionnel au Canada en publiant des textes d&#8217;\u00e9tudiants sur le sujet et en r\u00e9compensant financi\u00e8rement leurs auteurs. Le concours [&hellip;]<\/p>\n","protected":false},"author":1,"featured_media":0,"parent":0,"menu_order":0,"comment_status":"open","ping_status":"open","template":"","meta":{"_acf_changed":false,"content-type":"","ep_exclude_from_search":false,"footnotes":""},"class_list":["post-17947","page","type-page","status-publish","hentry"],"acf":[],"yoast_head":"<!-- This site is optimized with the Yoast SEO plugin v25.8 - https:\/\/yoast.com\/wordpress\/plugins\/seo\/ -->\n<title>Concours de dissertations - Policy Options<\/title>\n<meta name=\"robots\" content=\"index, follow, max-snippet:-1, max-image-preview:large, max-video-preview:-1\" \/>\n<link rel=\"canonical\" href=\"https:\/\/policyoptions.irpp.org\/fr\/essay-competition\/\" \/>\n<meta property=\"og:locale\" content=\"fr_FR\" \/>\n<meta property=\"og:type\" content=\"article\" \/>\n<meta property=\"og:title\" content=\"Concours de dissertations - Policy Options\" \/>\n<meta property=\"og:description\" content=\"Avec le soutien du cabinet Norton Rose et du Congr\u00e8s canadien des affaires constitutionnelles (CCAC), la revue Options politiques tient chaque ann\u00e9e un Concours de dissertations sur les questions constitutionnelles. Celui-ci vise \u00e0 stimuler le d\u00e9bat constitutionnel au Canada en publiant des textes d&#8217;\u00e9tudiants sur le sujet et en r\u00e9compensant financi\u00e8rement leurs auteurs. Le concours [&hellip;]\" \/>\n<meta property=\"og:url\" content=\"https:\/\/policyoptions.irpp.org\/fr\/essay-competition\/\" \/>\n<meta property=\"og:site_name\" content=\"Policy Options\" \/>\n<meta property=\"article:publisher\" content=\"https:\/\/www.facebook.com\/IRPP.org\" \/>\n<meta property=\"article:modified_time\" content=\"2015-08-27T14:11:25+00:00\" \/>\n<meta name=\"twitter:card\" content=\"summary_large_image\" \/>\n<meta name=\"twitter:site\" content=\"@irpp\" \/>\n<meta name=\"twitter:label1\" content=\"Est. reading time\" \/>\n\t<meta name=\"twitter:data1\" content=\"1 minute\" \/>\n<script type=\"application\/ld+json\" class=\"yoast-schema-graph\">{\"@context\":\"https:\/\/schema.org\",\"@graph\":[{\"@type\":\"WebPage\",\"@id\":\"https:\/\/policyoptions.irpp.org\/fr\/essay-competition\/\",\"url\":\"https:\/\/policyoptions.irpp.org\/fr\/essay-competition\/\",\"name\":\"Concours de dissertations - Policy Options\",\"isPartOf\":{\"@id\":\"https:\/\/policyoptions.irpp.org\/fr\/#website\"},\"datePublished\":\"2014-05-12T15:28:13+00:00\",\"dateModified\":\"2015-08-27T14:11:25+00:00\",\"breadcrumb\":{\"@id\":\"https:\/\/policyoptions.irpp.org\/fr\/essay-competition\/#breadcrumb\"},\"inLanguage\":\"fr-FR\",\"potentialAction\":[{\"@type\":\"ReadAction\",\"target\":[\"https:\/\/policyoptions.irpp.org\/fr\/essay-competition\/\"]}]},{\"@type\":\"BreadcrumbList\",\"@id\":\"https:\/\/policyoptions.irpp.org\/fr\/essay-competition\/#breadcrumb\",\"itemListElement\":[{\"@type\":\"ListItem\",\"position\":1,\"name\":\"Home\",\"item\":\"https:\/\/policyoptions.irpp.org\/fr\/\"},{\"@type\":\"ListItem\",\"position\":2,\"name\":\"Concours de dissertations\"}]},{\"@type\":\"WebSite\",\"@id\":\"https:\/\/policyoptions.irpp.org\/fr\/#website\",\"url\":\"https:\/\/policyoptions.irpp.org\/fr\/\",\"name\":\"Policy Options\",\"description\":\"Institute for Research on Public Policy\",\"potentialAction\":[{\"@type\":\"SearchAction\",\"target\":{\"@type\":\"EntryPoint\",\"urlTemplate\":\"https:\/\/policyoptions.irpp.org\/fr\/?s={search_term_string}\"},\"query-input\":{\"@type\":\"PropertyValueSpecification\",\"valueRequired\":true,\"valueName\":\"search_term_string\"}}],\"inLanguage\":\"fr-FR\"}]}<\/script>\n<!-- \/ Yoast SEO plugin. -->","yoast_head_json":{"title":"Concours de dissertations - Policy Options","robots":{"index":"index","follow":"follow","max-snippet":"max-snippet:-1","max-image-preview":"max-image-preview:large","max-video-preview":"max-video-preview:-1"},"canonical":"https:\/\/policyoptions.irpp.org\/fr\/essay-competition\/","og_locale":"fr_FR","og_type":"article","og_title":"Concours de dissertations - Policy Options","og_description":"Avec le soutien du cabinet Norton Rose et du Congr\u00e8s canadien des affaires constitutionnelles (CCAC), la revue Options politiques tient chaque ann\u00e9e un Concours de dissertations sur les questions constitutionnelles. Celui-ci vise \u00e0 stimuler le d\u00e9bat constitutionnel au Canada en publiant des textes d&#8217;\u00e9tudiants sur le sujet et en r\u00e9compensant financi\u00e8rement leurs auteurs. Le concours [&hellip;]","og_url":"https:\/\/policyoptions.irpp.org\/fr\/essay-competition\/","og_site_name":"Policy Options","article_publisher":"https:\/\/www.facebook.com\/IRPP.org","article_modified_time":"2015-08-27T14:11:25+00:00","twitter_card":"summary_large_image","twitter_site":"@irpp","twitter_misc":{"Est. reading time":"1 minute"},"schema":{"@context":"https:\/\/schema.org","@graph":[{"@type":"WebPage","@id":"https:\/\/policyoptions.irpp.org\/fr\/essay-competition\/","url":"https:\/\/policyoptions.irpp.org\/fr\/essay-competition\/","name":"Concours de dissertations - Policy Options","isPartOf":{"@id":"https:\/\/policyoptions.irpp.org\/fr\/#website"},"datePublished":"2014-05-12T15:28:13+00:00","dateModified":"2015-08-27T14:11:25+00:00","breadcrumb":{"@id":"https:\/\/policyoptions.irpp.org\/fr\/essay-competition\/#breadcrumb"},"inLanguage":"fr-FR","potentialAction":[{"@type":"ReadAction","target":["https:\/\/policyoptions.irpp.org\/fr\/essay-competition\/"]}]},{"@type":"BreadcrumbList","@id":"https:\/\/policyoptions.irpp.org\/fr\/essay-competition\/#breadcrumb","itemListElement":[{"@type":"ListItem","position":1,"name":"Home","item":"https:\/\/policyoptions.irpp.org\/fr\/"},{"@type":"ListItem","position":2,"name":"Concours de dissertations"}]},{"@type":"WebSite","@id":"https:\/\/policyoptions.irpp.org\/fr\/#website","url":"https:\/\/policyoptions.irpp.org\/fr\/","name":"Policy Options","description":"Institute for Research on Public Policy","potentialAction":[{"@type":"SearchAction","target":{"@type":"EntryPoint","urlTemplate":"https:\/\/policyoptions.irpp.org\/fr\/?s={search_term_string}"},"query-input":{"@type":"PropertyValueSpecification","valueRequired":true,"valueName":"search_term_string"}}],"inLanguage":"fr-FR"}]}},"_links":{"self":[{"href":"https:\/\/policyoptions.irpp.org\/fr\/wp-json\/wp\/v2\/pages\/17947","targetHints":{"allow":["GET"]}}],"collection":[{"href":"https:\/\/policyoptions.irpp.org\/fr\/wp-json\/wp\/v2\/pages"}],"about":[{"href":"https:\/\/policyoptions.irpp.org\/fr\/wp-json\/wp\/v2\/types\/page"}],"author":[{"embeddable":true,"href":"https:\/\/policyoptions.irpp.org\/fr\/wp-json\/wp\/v2\/users\/1"}],"replies":[{"embeddable":true,"href":"https:\/\/policyoptions.irpp.org\/fr\/wp-json\/wp\/v2\/comments?post=17947"}],"version-history":[{"count":0,"href":"https:\/\/policyoptions.irpp.org\/fr\/wp-json\/wp\/v2\/pages\/17947\/revisions"}],"wp:attachment":[{"href":"https:\/\/policyoptions.irpp.org\/fr\/wp-json\/wp\/v2\/media?parent=17947"}],"curies":[{"name":"wp","href":"https:\/\/api.w.org\/{rel}","templated":true}]}}